{"id":497,"date":"2025-04-03T14:34:32","date_gmt":"2025-04-03T14:34:32","guid":{"rendered":"https:\/\/www.bureausarahbaumann.de\/contact-copy\/"},"modified":"2026-01-21T10:44:11","modified_gmt":"2026-01-21T10:44:11","slug":"impressum","status":"publish","type":"page","link":"https:\/\/www.bureausarahbaumann.de\/en\/impressum\/","title":{"rendered":"Copy Copy Copy"},"content":{"rendered":"","protected":false},"excerpt":{"rendered":"","protected":false},"author":1,"featured_media":0,"parent":0,"menu_order":4,"comment_status":"closed","ping_status":"closed","template":"","meta":[],"class_list":["post-497","page","type-page","status-publish","hentry"],"grid":"{\r\n  \"colCount\": 20,\r\n  \"colGutter\": 0,\r\n  \"rowGutters\": [\r\n    5,\r\n    6\r\n  ],\r\n  \"frameMargin\": 0,\r\n  \"leftFrameMargin\": 8,\r\n  \"rightFrameMargin\": 8,\r\n  \"topFrameMargin\": 4,\r\n  \"horizontalGrid\": {\r\n    \"show\": false,\r\n    \"space\": 1,\r\n    \"mu\": \"%\"\r\n  },\r\n  \"mus\": {\r\n    \"colGutterMu\": \"%\",\r\n    \"rowGutterMu\": \"%\",\r\n    \"topFrameMu\": \"%\",\r\n    \"bottomFrameMu\": \"%\",\r\n    \"frameMu\": \"%\"\r\n  },\r\n  \"bottomFrameMargin\": 4,\r\n  \"rowAttrs\": [\r\n    {\r\n      \"relid\": 7\r\n    },\r\n    {\r\n      \"relid\": 1\r\n    },\r\n    {\r\n      \"relid\": 9\r\n    }\r\n  ],\r\n  \"bgColor\": \"#fdfdd8\",\r\n  \"bgImage\": null,\r\n  \"cont\": [\r\n    {\r\n      \"type\": \"text\",\r\n      \"cont\": \"<h1 class=\\\"_ImpressumLight\\\"><span>Angaben gem\u00e4\u00df \u00a75TMG:<\/span><\/h1>\",\r\n      \"align\": \"top\",\r\n      \"row\": 0,\r\n      \"col\": 0,\r\n      \"colspan\": 9,\r\n      \"offsetx\": 0,\r\n      \"offsety\": 0,\r\n      \"spaceabove\": 8,\r\n      \"spacebelow\": 0,\r\n      \"yvel\": 1,\r\n      \"push\": 0,\r\n      \"relid\": 8,\r\n      \"absolute_position\": false,\r\n      \"frameOverflow\": \"\",\r\n      \"dosync\": false\r\n    },\r\n    {\r\n      \"type\": \"text\",\r\n      \"cont\": \"<h1 class=\\\"_Defaultlight\\\" style=\\\"line-height: 1.1;\\\">Bureau Sarah Baumann<\/h1><p class=\\\"_Defaultlight\\\">Brand Communication Design<\/p><h1 class=\\\"_Defaultlight\\\" style=\\\"line-height: 1.1;\\\">T\u00fcbinger Stra\u00dfe 77<br \/>70178 Stuttgart<br \/><br \/><\/h1><h1 class=\\\"_Defaultlight\\\" style=\\\"line-height: 1.1;\\\">Dipl. Des. Sarah Baumann<br \/><a rel=\\\"noopener\\\" href=\\\"mailto:mail@bureausarahbaumann.de\\\" target=\\\"_blank\\\">mail@bureausarahbaumann.de<\/a><\/h1><h1 class=\\\"_Default\\\"><a rel=\\\"noopener\\\" href=\\\"https:\/\/www.instagram.com\/bureausarahbaumann\/\\\" target=\\\"_blank\\\"><span style=\\\"font-family: SpaceGrotesk-Light;\\\">@bureausarahbaumann<\/span><\/a><\/h1><h1 class=\\\"_Default\\\"><span style=\\\"font-family: SpaceGrotesk-Light;\\\">www.bureausarahbaumann.de<\/span><\/h1><p class=\\\"_Light\\\">\u00a0<\/p><p class=\\\"_Defaultlight\\\">USt-IdNr.\u00a0<span>DE275154901<\/span><\/p>\",\r\n      \"align\": \"top\",\r\n      \"row\": 0,\r\n      \"col\": 10,\r\n      \"colspan\": 10,\r\n      \"offsetx\": 0,\r\n      \"offsety\": 0,\r\n      \"spaceabove\": 8,\r\n      \"spacebelow\": 0,\r\n      \"yvel\": 1,\r\n      \"push\": 1,\r\n      \"relid\": 11,\r\n      \"absolute_position\": false\r\n    },\r\n    {\r\n      \"type\": \"text\",\r\n      \"cont\": \"<h1 class=\\\"_ImpressumLight\\\" style=\\\"line-height: 1.2;\\\">Bureau Sarah Baumann<\/h1><h1 class=\\\"_ImpressumLight\\\" style=\\\"line-height: 1.2;\\\"><span>Graphic Design and Brand Communication<\/span><\/h1><h1 class=\\\"_ImpressumLight\\\" style=\\\"line-height: 1.2;\\\">T\u00fcbinger Stra\u00dfe 77<\/h1><h1 class=\\\"_ImpressumLight\\\" style=\\\"line-height: 1.2;\\\">70178 Stuttgart<\/h1><h1 class=\\\"_ImpressumLight\\\" style=\\\"line-height: 1.2;\\\"><br \/>Dipl. Des. Sarah Baumann<\/h1><h1 class=\\\"_ImpressumLight\\\" style=\\\"line-height: 1.2;\\\"><a href=\\\"mailto:mail@bureausarahbaumann.de\\\">mail@bureausarahbaumann.de<\/a><\/h1><h1 class=\\\"_ImpressumLight\\\" style=\\\"line-height: 1.2;\\\"><a href=\\\"https:\/\/www.instagram.com\/bureausarahbaumann\/\\\">@bureausarahbaumann<\/a><\/h1><h1 class=\\\"_ImpressumLight\\\" style=\\\"line-height: 1.2;\\\">www.bureausarahbaumann.de<\/h1><p style=\\\"line-height: 1.2;\\\">\u00a0<\/p><h1 class=\\\"_ImpressumLight\\\" style=\\\"line-height: 1.2;\\\">Vertreten durch Sarah Baumann. Verantwortlich f\u00fcr den Inhalt nach \u00a7 55 Abs. 2 RStV Sarah Baumann.<\/h1><p class=\\\"_ImpressumLight\\\" style=\\\"line-height: 1.2;\\\">\u00a0<\/p><p class=\\\"_ImpressumLight\\\" style=\\\"line-height: 1.2;\\\">Urheberrecht<\/p><p class=\\\"_ImpressumLight\\\" style=\\\"line-height: 1.2;\\\">Die durch die Seitenbetreiber erstellten Inhalte und Werke auf diesen Seiten unterliegen dem deutschen Urheberrecht. Die Vervielf\u00e4ltigung, Bearbeitung, Verbreitung und jede Art der Verwertung au\u00dferhalb der Grenzen des Urheberrechtes bed\u00fcrfen der schriftlichen Zustimmung des jeweiligen Autors bzw. Erstellers. Downloads und Kopien dieser Seite sind nur f\u00fcr den privaten, nicht kommerziellen Gebrauch gestattet. Soweit die Inhalte auf dieser Seite nicht vom Betreiber erstellt wurden, werden die Urheberrechte Dritter beachtet. Insbesondere werden Inhalte Dritter als solche gekennzeichnet. Sollten Sie trotzdem auf eine Urheberrechtsverletzung aufmerksam werden, bitten wir um einen entsprechenden Hinweis. Bei Bekanntwerden von Rechtsverletzungen werden wir derartige Inhalte umgehend entfernen.<\/p><p class=\\\"_ImpressumLight\\\" style=\\\"line-height: 1.2;\\\">\u00a0<\/p><p class=\\\"_ImpressumLight\\\" style=\\\"line-height: 1.2;\\\">Copyright<\/p><p class=\\\"_ImpressumLight\\\" style=\\\"line-height: 1.2;\\\">Unless otherwise indicated, all material on this website is copyrighted by the site owner. All rights reserved. No part of this website, either text or image may be used for any purpose other than personal use. Reproduction, modification, storage in a retrieval system or retransmission, in any form or by any means, electronic, mechanical or otherwise, for reasons other than personal use, is strictly prohibited without prior written consent.<\/p><p class=\\\"_ImpressumLight\\\" style=\\\"line-height: 1.2;\\\">\u00a0<\/p><p class=\\\"_ImpressumLight\\\" style=\\\"line-height: 1.2;\\\">Haftung f\u00fcr Inhalte<\/p><p class=\\\"_ImpressumLight\\\" style=\\\"line-height: 1.2;\\\">Die Inhalte unserer Seiten wurden mit gr\u00f6\u00dfter Sorgfalt erstellt. F\u00fcr die Richtigkeit, Vollst\u00e4ndigkeit und Aktualit\u00e4t der Inhalte k\u00f6nnen wir jedoch keine Gew\u00e4hr \u00fcbernehmen. Als Diensteanbieter sind wir gem\u00e4\u00df \u00a7 7 Abs.1 TMG f\u00fcr eigene Inhalte auf diesen Seiten nach den allgemeinen Gesetzen verantwortlich. Nach \u00a7\u00a7 8 bis 10 TMG sind wir als Diensteanbieter jedoch nicht verpflichtet, \u00fcbermittelte oder gespeicherte fremde Informationen zu \u00fcberwachen oder nach Umst\u00e4nden zu forschen, die auf eine rechtswidrige T\u00e4tigkeit hinweisen. Verpflichtungen zur Entfernung oder Sperrung der Nutzung von Informationen nach den allgemeinen Gesetzen bleiben hiervon unber\u00fchrt. Eine diesbez\u00fcgliche Haftung ist jedoch erst ab dem Zeitpunkt der Kenntnis einer konkreten Rechtsverletzung m\u00f6glich. Bei Bekanntwerden von entsprechenden Rechtsverletzungen werden wir diese Inhalte umgehend entfernen.<\/p><p class=\\\"_ImpressumLight\\\" style=\\\"line-height: 1.2;\\\">\u00a0<\/p><p class=\\\"_ImpressumLight\\\" style=\\\"line-height: 1.2;\\\">Einsatz von Cookies<\/p><p class=\\\"_ImpressumLight\\\" style=\\\"line-height: 1.2;\\\">Zur Verwaltung der eingesetzten Cookies und \u00e4hnlichen Technologien (Tracking-Pixel, Web-Beacons etc.) und diesbez\u00fcglicher Einwilligungen setzen wir das Consent Tool \\\"Real Cookie Banner\\\" ein. Details zur Funktionsweise von \\\"Real Cookie Banner\\\" findest du unter &lt;a href=\\\"https:\/\/devowl.io\/de\/rcb\/datenverarbeitung\/\\\" rel=\\\"noreferrer\\\" target=\\\"_blank\\\"&gt;https:\/\/devowl.io\/de\/rcb\/datenverarbeitung\/&lt;\/a&gt;.<\/p><p class=\\\"_ImpressumLight\\\" style=\\\"line-height: 1.2;\\\">Rechtsgrundlagen f\u00fcr die Verarbeitung von personenbezogenen Daten in diesem Zusammenhang sind Art. 6 Abs. 1 lit. c DS-GVO und Art. 6 Abs. 1 lit. f DS-GVO. Unser berechtigtes Interesse ist die Verwaltung der eingesetzten Cookies und \u00e4hnlichen Technologien und der diesbez\u00fcglichen Einwilligungen.<\/p><p class=\\\"_ImpressumLight\\\" style=\\\"line-height: 1.2;\\\">Die Bereitstellung der personenbezogenen Daten ist weder vertraglich vorgeschrieben noch f\u00fcr den Abschluss eines Vertrages notwendig. Du bist nicht verpflichtet die personenbezogenen Daten bereitzustellen. Wenn du die personenbezogenen Daten nicht bereitstellst, k\u00f6nnen wir deine Einwilligungen nicht verwalten.<\/p>\",\r\n      \"align\": \"top\",\r\n      \"row\": 1,\r\n      \"col\": 0,\r\n      \"colspan\": 20,\r\n      \"offsetx\": 0,\r\n      \"offsety\": 0,\r\n      \"spaceabove\": 0,\r\n      \"spacebelow\": 0,\r\n      \"yvel\": 1,\r\n      \"push\": 0,\r\n      \"relid\": 2,\r\n      \"absolute_position\": false\r\n    },\r\n    {\r\n      \"type\": \"text\",\r\n      \"cont\": \"<p style=\\\"text-align: center; line-height: 1.2;\\\"><a class=\\\"laybutton2 laybutton\\\" href=\\\"https:\/\/www.bureausarahbaumann.de\/category\/projekte\/\\\" data-id=\\\"1\\\" data-title=\\\"Projekte\\\" data-type=\\\"category\\\">\u2190\u00a0 zur\u00fcck<\/a><\/p>\",\r\n      \"align\": \"top\",\r\n      \"row\": 2,\r\n      \"col\": 0,\r\n      \"colspan\": 20,\r\n      \"offsetx\": 0,\r\n      \"offsety\": 0,\r\n      \"spaceabove\": 0,\r\n      \"spacebelow\": 6,\r\n      \"yvel\": 1,\r\n      \"push\": 0,\r\n      \"relid\": 12,\r\n      \"absolute_position\": false,\r\n      \"frameOverflow\": \"both\"\r\n    }\r\n  ]\r\n}","phonegrid":"{\r\n  \"colCount\": 18,\r\n  \"colGutter\": \"0\",\r\n  \"rowGutters\": [\r\n    5\r\n  ],\r\n  \"frameMargin\": 0,\r\n  \"topFrameMargin\": \"2\",\r\n  \"rightFrameMargin\": \"2\",\r\n  \"bottomFrameMargin\": \"10\",\r\n  \"leftFrameMargin\": \"2\",\r\n  \"mus\": {\r\n    \"colGutterMu\": \"%\",\r\n    \"rowGutterMu\": \"%\",\r\n    \"topFrameMu\": \"%\",\r\n    \"bottomFrameMu\": \"%\",\r\n    \"frameMu\": \"%\"\r\n  },\r\n  \"rowAttrs\": [\r\n    {\r\n      \"relid\": 5\r\n    },\r\n    {\r\n      \"relid\": 4\r\n    }\r\n  ],\r\n  \"bgColor\": null,\r\n  \"bgImage\": null,\r\n  \"cont\": [\r\n    {\r\n      \"type\": \"text\",\r\n      \"cont\": \"<h1 class=\\\"_ImpressumLight\\\"><span>Angaben gem\u00e4\u00df \u00a75TMG:<\/span><\/h1>\",\r\n      \"align\": \"middle\",\r\n      \"row\": 0,\r\n      \"col\": 1,\r\n      \"colspan\": 16,\r\n      \"offsetx\": 0,\r\n      \"offsety\": 0,\r\n      \"spaceabove\": \"110\",\r\n      \"spacebelow\": 0,\r\n      \"yvel\": 1,\r\n      \"push\": 1,\r\n      \"relid\": 6,\r\n      \"absolute_position\": false,\r\n      \"frameOverflow\": \"\"\r\n    },\r\n    {\r\n      \"type\": \"text\",\r\n      \"cont\": \"<h1 class=\\\"_ImpressumLight\\\" style=\\\"line-height: 1.2;\\\">Bureau Sarah Baumann<\/h1><h1 class=\\\"_ImpressumLight\\\" style=\\\"line-height: 1.2;\\\"><span>Graphic Design and Brand Communication<\/span><\/h1><h1 class=\\\"_ImpressumLight\\\" style=\\\"line-height: 1.2;\\\">T\u00fcbinger Stra\u00dfe 77<\/h1><h1 class=\\\"_ImpressumLight\\\" style=\\\"line-height: 1.2;\\\">70178 Stuttgart<\/h1><h1 class=\\\"_ImpressumLight\\\" style=\\\"line-height: 1.2;\\\"><br \/>Dipl. Des. Sarah Baumann<\/h1><h1 class=\\\"_ImpressumLight\\\" style=\\\"line-height: 1.2;\\\"><a href=\\\"mailto:mail@bureausarahbaumann.de\\\">mail@bureausarahbaumann.de<\/a><\/h1><h1 class=\\\"_ImpressumLight\\\" style=\\\"line-height: 1.2;\\\"><a href=\\\"https:\/\/www.instagram.com\/bureausarahbaumann\/\\\">@bureausarahbaumann<\/a><\/h1><h1 class=\\\"_ImpressumLight\\\" style=\\\"line-height: 1.2;\\\">www.bureausarahbaumann.de<\/h1><p style=\\\"line-height: 1.2;\\\">\u00a0<\/p><h1 class=\\\"_ImpressumLight\\\" style=\\\"line-height: 1.2;\\\">Vertreten durch Sarah Baumann. Verantwortlich f\u00fcr den Inhalt nach \u00a7 55 Abs. 2 RStV Sarah Baumann.<\/h1><p class=\\\"_ImpressumLight\\\" style=\\\"line-height: 1.2;\\\">\u00a0<\/p><p class=\\\"_ImpressumLight\\\" style=\\\"line-height: 1.2;\\\">Urheberrecht<\/p><p class=\\\"_ImpressumLight\\\" style=\\\"line-height: 1.2;\\\">Die durch die Seitenbetreiber erstellten Inhalte und Werke auf diesen Seiten unterliegen dem deutschen Urheberrecht. Die Vervielf\u00e4ltigung, Bearbeitung, Verbreitung und jede Art der Verwertung au\u00dferhalb der Grenzen des Urheberrechtes bed\u00fcrfen der schriftlichen Zustimmung des jeweiligen Autors bzw. Erstellers. Downloads und Kopien dieser Seite sind nur f\u00fcr den privaten, nicht kommerziellen Gebrauch gestattet. Soweit die Inhalte auf dieser Seite nicht vom Betreiber erstellt wurden, werden die Urheberrechte Dritter beachtet. Insbesondere werden Inhalte Dritter als solche gekennzeichnet. Sollten Sie trotzdem auf eine Urheberrechtsverletzung aufmerksam werden, bitten wir um einen entsprechenden Hinweis. Bei Bekanntwerden von Rechtsverletzungen werden wir derartige Inhalte umgehend entfernen.<\/p><p class=\\\"_ImpressumLight\\\" style=\\\"line-height: 1.2;\\\">\u00a0<\/p><p class=\\\"_ImpressumLight\\\" style=\\\"line-height: 1.2;\\\">Copyright<\/p><p class=\\\"_ImpressumLight\\\" style=\\\"line-height: 1.2;\\\">Unless otherwise indicated, all material on this website is copyrighted by the site owner. All rights reserved. No part of this website, either text or image may be used for any purpose other than personal use. Reproduction, modification, storage in a retrieval system or retransmission, in any form or by any means, electronic, mechanical or otherwise, for reasons other than personal use, is strictly prohibited without prior written consent.<\/p><p class=\\\"_ImpressumLight\\\" style=\\\"line-height: 1.2;\\\">\u00a0<\/p><p class=\\\"_ImpressumLight\\\" style=\\\"line-height: 1.2;\\\">Haftung f\u00fcr Inhalte<\/p><p class=\\\"_ImpressumLight\\\" style=\\\"line-height: 1.2;\\\">Die Inhalte unserer Seiten wurden mit gr\u00f6\u00dfter Sorgfalt erstellt. F\u00fcr die Richtigkeit, Vollst\u00e4ndigkeit und Aktualit\u00e4t der Inhalte k\u00f6nnen wir jedoch keine Gew\u00e4hr \u00fcbernehmen. Als Diensteanbieter sind wir gem\u00e4\u00df \u00a7 7 Abs.1 TMG f\u00fcr eigene Inhalte auf diesen Seiten nach den allgemeinen Gesetzen verantwortlich. Nach \u00a7\u00a7 8 bis 10 TMG sind wir als Diensteanbieter jedoch nicht verpflichtet, \u00fcbermittelte oder gespeicherte fremde Informationen zu \u00fcberwachen oder nach Umst\u00e4nden zu forschen, die auf eine rechtswidrige T\u00e4tigkeit hinweisen. Verpflichtungen zur Entfernung oder Sperrung der Nutzung von Informationen nach den allgemeinen Gesetzen bleiben hiervon unber\u00fchrt. Eine diesbez\u00fcgliche Haftung ist jedoch erst ab dem Zeitpunkt der Kenntnis einer konkreten Rechtsverletzung m\u00f6glich. Bei Bekanntwerden von entsprechenden Rechtsverletzungen werden wir diese Inhalte umgehend entfernen.<\/p><p class=\\\"_ImpressumLight\\\" style=\\\"line-height: 1.2;\\\">\u00a0<\/p><p class=\\\"_ImpressumLight\\\" style=\\\"line-height: 1.2;\\\">Einsatz von Cookies<\/p><p class=\\\"_ImpressumLight\\\" style=\\\"line-height: 1.2;\\\">Zur Verwaltung der eingesetzten Cookies und \u00e4hnlichen Technologien (Tracking-Pixel, Web-Beacons etc.) und diesbez\u00fcglicher Einwilligungen setzen wir das Consent Tool \\\"Real Cookie Banner\\\" ein. Details zur Funktionsweise von \\\"Real Cookie Banner\\\" findest du unter &lt;a href=\\\"https:\/\/devowl.io\/de\/rcb\/datenverarbeitung\/\\\" rel=\\\"noreferrer\\\" target=\\\"_blank\\\"&gt;https:\/\/devowl.io\/de\/rcb\/datenverarbeitung\/&lt;\/a&gt;.<\/p><p class=\\\"_ImpressumLight\\\" style=\\\"line-height: 1.2;\\\">Rechtsgrundlagen f\u00fcr die Verarbeitung von personenbezogenen Daten in diesem Zusammenhang sind Art. 6 Abs. 1 lit. c DS-GVO und Art. 6 Abs. 1 lit. f DS-GVO. Unser berechtigtes Interesse ist die Verwaltung der eingesetzten Cookies und \u00e4hnlichen Technologien und der diesbez\u00fcglichen Einwilligungen.<\/p><p class=\\\"_ImpressumLight\\\" style=\\\"line-height: 1.2;\\\">Die Bereitstellung der personenbezogenen Daten ist weder vertraglich vorgeschrieben noch f\u00fcr den Abschluss eines Vertrages notwendig. Du bist nicht verpflichtet die personenbezogenen Daten bereitzustellen. Wenn du die personenbezogenen Daten nicht bereitstellst, k\u00f6nnen wir deine Einwilligungen nicht verwalten.<\/p>\",\r\n      \"align\": \"bottom\",\r\n      \"row\": 1,\r\n      \"col\": 1,\r\n      \"colspan\": 16,\r\n      \"offsetx\": 0,\r\n      \"offsety\": 0,\r\n      \"spaceabove\": 0,\r\n      \"spacebelow\": \"6\",\r\n      \"yvel\": 1,\r\n      \"push\": 1,\r\n      \"relid\": 2,\r\n      \"absolute_position\": false,\r\n      \"frameOverflow\": \"\"\r\n    }\r\n  ]\r\n}","_links":{"self":[{"href":"https:\/\/www.bureausarahbaumann.de\/en\/wp-json\/wp\/v2\/pages\/497","targetHints":{"allow":["GET"]}}],"collection":[{"href":"https:\/\/www.bureausarahbaumann.de\/en\/wp-json\/wp\/v2\/pages"}],"about":[{"href":"https:\/\/www.bureausarahbaumann.de\/en\/wp-json\/wp\/v2\/types\/page"}],"author":[{"embeddable":true,"href":"https:\/\/www.bureausarahbaumann.de\/en\/wp-json\/wp\/v2\/users\/1"}],"replies":[{"embeddable":true,"href":"https:\/\/www.bureausarahbaumann.de\/en\/wp-json\/wp\/v2\/comments?post=497"}],"version-history":[{"count":0,"href":"https:\/\/www.bureausarahbaumann.de\/en\/wp-json\/wp\/v2\/pages\/497\/revisions"}],"wp:attachment":[{"href":"https:\/\/www.bureausarahbaumann.de\/en\/wp-json\/wp\/v2\/media?parent=497"}],"curies":[{"name":"wp","href":"https:\/\/api.w.org\/{rel}","templated":true}]}}