{"id":380,"date":"2024-09-11T13:30:27","date_gmt":"2024-09-11T13:30:27","guid":{"rendered":"https:\/\/www.bureausarahbaumann.de\/283-2-copy-copy\/"},"modified":"2025-12-08T08:12:01","modified_gmt":"2025-12-08T08:12:01","slug":"contact","status":"publish","type":"page","link":"https:\/\/www.bureausarahbaumann.de\/en\/contact\/","title":{"rendered":"Copy Copy"},"content":{"rendered":"","protected":false},"excerpt":{"rendered":"","protected":false},"author":1,"featured_media":0,"parent":0,"menu_order":2,"comment_status":"closed","ping_status":"closed","template":"","meta":[],"class_list":["post-380","page","type-page","status-publish","hentry"],"grid":"{\r\n  \"colCount\": 20,\r\n  \"colGutter\": 4,\r\n  \"rowGutters\": [\r\n    2,\r\n    2\r\n  ],\r\n  \"frameMargin\": 0,\r\n  \"leftFrameMargin\": 0,\r\n  \"rightFrameMargin\": 0,\r\n  \"topFrameMargin\": 0,\r\n  \"horizontalGrid\": {\r\n    \"show\": false,\r\n    \"space\": 1,\r\n    \"mu\": \"%\"\r\n  },\r\n  \"mus\": {\r\n    \"colGutterMu\": \"%\",\r\n    \"rowGutterMu\": \"%\",\r\n    \"topFrameMu\": \"%\",\r\n    \"bottomFrameMu\": \"%\",\r\n    \"frameMu\": \"%\"\r\n  },\r\n  \"bottomFrameMargin\": 0,\r\n  \"rowAttrs\": [\r\n    {\r\n      \"relid\": 12\r\n    },\r\n    {\r\n      \"relid\": 23\r\n    },\r\n    {\r\n      \"relid\": 1\r\n    }\r\n  ],\r\n  \"bgColor\": \"#ffffff\",\r\n  \"bgImage\": null,\r\n  \"cont\": [\r\n    {\r\n      \"type\": \"text\",\r\n      \"cont\": \"<p style=\\\"line-height: 1;\\\"><span style=\\\"text-decoration: underline; font-size: 16px; font-family: SpaceGrotesk-Regular;\\\">Selected Clients:<\/span><\/p><p style=\\\"line-height: 1;\\\"><span style=\\\"font-size: 16px; font-family: SpaceGrotesk-Regular;\\\">Akademie f\u00fcr Darstellende Kunst Baden-W\u00fcrttemberg (Academy of Performing Arts Baden-W\u00fcrttemberg)<\/span><\/p><p style=\\\"line-height: 1;\\\"><span style=\\\"font-size: 16px; font-family: SpaceGrotesk-Regular;\\\">Staatsgalerie Stuttgart (State Gallery Stuttgart)<\/span><\/p><p style=\\\"line-height: 1;\\\"><span style=\\\"font-size: 16px; font-family: SpaceGrotesk-Regular;\\\">Discoteca Flaming Star<\/span><\/p><p style=\\\"line-height: 1;\\\"><span style=\\\"font-size: 16px; font-family: SpaceGrotesk-Regular;\\\">Liganova GmbH<\/span><\/p><p style=\\\"line-height: 1;\\\"><span style=\\\"font-size: 16px; font-family: SpaceGrotesk-Regular;\\\">Porsche AG f\u00fcr Liganova GmbH<\/span><\/p><p style=\\\"line-height: 1;\\\"><span style=\\\"font-size: 16px; font-family: SpaceGrotesk-Regular;\\\">Daimler AG f\u00fcr Liganova GmbH<\/span><\/p><p style=\\\"line-height: 1;\\\"><span style=\\\"font-size: 16px; font-family: SpaceGrotesk-Regular;\\\">STIHL\u00a0AG &amp; Co. KG\u00a0f\u00fcr Studio Breuninger<\/span><\/p>\",\r\n      \"align\": \"top\",\r\n      \"row\": 0,\r\n      \"col\": 10,\r\n      \"colspan\": 10,\r\n      \"offsetx\": 0,\r\n      \"offsety\": 0,\r\n      \"spaceabove\": 1,\r\n      \"spacebelow\": 0,\r\n      \"yvel\": 1,\r\n      \"push\": 10,\r\n      \"relid\": 13,\r\n      \"absolute_position\": false,\r\n      \"dosync\": false,\r\n      \"frameOverflow\": \"\"\r\n    },\r\n    {\r\n      \"type\": \"text\",\r\n      \"cont\": \"<h2 class=\\\"_Default\\\" style=\\\"line-height: 1;\\\"><span style=\\\"text-decoration: underline; font-size: 16px; font-family: SpaceGrotesk-Regular;\\\">Selected collaborations:<\/span><\/h2><h2 class=\\\"_Default\\\" style=\\\"line-height: 1;\\\"><span style=\\\"font-size: 16px; font-family: SpaceGrotesk-Regular;\\\">POOLHAUS Stuttgart<\/span><\/h2><h2 class=\\\"_Default\\\" style=\\\"line-height: 1;\\\"><span style=\\\"font-size: 16px; font-family: SpaceGrotesk-Regular;\\\">Netzwerk im Raum<\/span><\/h2><p class=\\\"_Default\\\" style=\\\"line-height: 1;\\\"><span style=\\\"font-size: 16px; font-family: SpaceGrotesk-Regular;\\\">Studio Terhedebr\u00fcgge<\/span><\/p><p class=\\\"_Default\\\" style=\\\"line-height: 1;\\\"><span style=\\\"font-size: 16px; font-family: SpaceGrotesk-Regular;\\\">Studio Mado Kl\u00fcmper<\/span><\/p><p class=\\\"_Default\\\" style=\\\"line-height: 1;\\\"><span style=\\\"font-size: 16px; font-family: SpaceGrotesk-Regular;\\\">Studio Sara Cristina Moser<\/span><\/p><p class=\\\"_Default\\\" style=\\\"line-height: 1;\\\"><span style=\\\"font-size: 16px; font-family: SpaceGrotesk-Regular;\\\">Studio Breuninger<\/span><\/p><p class=\\\"_Default\\\" style=\\\"line-height: 1;\\\"><span style=\\\"font-size: 16px; font-family: SpaceGrotesk-Regular;\\\">Sueziefuture<\/span><\/p>\",\r\n      \"align\": \"top\",\r\n      \"row\": 1,\r\n      \"col\": 10,\r\n      \"colspan\": 9,\r\n      \"offsetx\": 0,\r\n      \"offsety\": 0,\r\n      \"spaceabove\": 0,\r\n      \"spacebelow\": 0,\r\n      \"yvel\": 1,\r\n      \"push\": 10,\r\n      \"relid\": 17,\r\n      \"absolute_position\": false,\r\n      \"dosync\": false,\r\n      \"frameOverflow\": \"\"\r\n    },\r\n    {\r\n      \"type\": \"text\",\r\n      \"cont\": \"<p style=\\\"line-height: 1;\\\"><span style=\\\"text-decoration: underline; font-family: SpaceGrotesk-Regular; font-size: 16px;\\\">Services:<\/span><\/p><p style=\\\"line-height: 1;\\\"><span style=\\\"font-size: 16px; font-family: SpaceGrotesk-Regular;\\\">Grafikdesign\/Kommunikationsdesign (Graphic Design \/ Communication Design)<\/span><\/p><p><span style=\\\"font-size: 16px; font-family: SpaceGrotesk-Regular;\\\">Konzeption (Conceptual Work)<\/span><\/p><p>\u00a0<\/p><p style=\\\"line-height: 1;\\\"><span style=\\\"font-size: 16px; font-family: SpaceGrotesk-Regular;\\\">Visuelle Markenidentit\u00e4t (Visual <span>Identity Design<\/span>)<\/span><\/p><p style=\\\"line-height: 1;\\\"><span style=\\\"font-size: 16px; font-family: SpaceGrotesk-Regular;\\\">Ausstellungsdesign (Exhibition design)<\/span><\/p><p style=\\\"line-height: 1;\\\"><span style=\\\"font-size: 16px; font-family: SpaceGrotesk-Regular;\\\">Visuelle Veranstaltungsidentit\u00e4t und Kommunikation (Event Signage)<\/span><\/p><p style=\\\"line-height: 1;\\\"><span style=\\\"font-size: 16px; font-family: SpaceGrotesk-Regular;\\\">Publikationsgestaltung (Publication Design)<\/span><\/p><p style=\\\"line-height: 1;\\\"><span style=\\\"font-size: 16px; font-family: SpaceGrotesk-Regular;\\\">Gesch\u00e4ftsausstattung (Corporate Stationery)<\/span><\/p><p style=\\\"line-height: 1;\\\"><span style=\\\"font-size: 16px; font-family: SpaceGrotesk-Regular;\\\">Webseiten Design (Website Design)<\/span><\/p><p style=\\\"line-height: 1;\\\">\u00a0<\/p>\",\r\n      \"align\": \"top\",\r\n      \"row\": 2,\r\n      \"col\": 10,\r\n      \"colspan\": 10,\r\n      \"offsetx\": 0,\r\n      \"offsety\": 0,\r\n      \"spaceabove\": 0,\r\n      \"spacebelow\": 2,\r\n      \"yvel\": 1,\r\n      \"push\": 10,\r\n      \"relid\": 2,\r\n      \"absolute_position\": false,\r\n      \"spacebelowMu\": \"%\",\r\n      \"frameOverflow\": \"\"\r\n    }\r\n  ]\r\n}","phonegrid":"{\r\n  \"colCount\": 18,\r\n  \"colGutter\": \"0\",\r\n  \"rowGutters\": [\r\n    \"16\",\r\n    \"16\",\r\n    2,\r\n    \"6\",\r\n    2,\r\n    \"6\",\r\n    \"2\",\r\n    \"16\"\r\n  ],\r\n  \"frameMargin\": 0,\r\n  \"leftFrameMargin\": \"2\",\r\n  \"rightFrameMargin\": \"2\",\r\n  \"topFrameMargin\": \"2\",\r\n  \"horizontalGrid\": {\r\n    \"show\": false,\r\n    \"space\": 1,\r\n    \"mu\": \"%\"\r\n  },\r\n  \"mus\": {\r\n    \"colGutterMu\": \"%\",\r\n    \"rowGutterMu\": \"%\",\r\n    \"topFrameMu\": \"%\",\r\n    \"bottomFrameMu\": \"%\",\r\n    \"frameMu\": \"%\"\r\n  },\r\n  \"bottomFrameMargin\": \"2\",\r\n  \"rowAttrs\": [\r\n    {\r\n      \"relid\": 16\r\n    },\r\n    {\r\n      \"relid\": 11\r\n    },\r\n    {\r\n      \"relid\": 7\r\n    },\r\n    {\r\n      \"relid\": 1\r\n    },\r\n    {\r\n      \"relid\": 5\r\n    },\r\n    {\r\n      \"relid\": 12\r\n    },\r\n    {\r\n      \"relid\": 19\r\n    },\r\n    {\r\n      \"relid\": 21\r\n    },\r\n    {\r\n      \"relid\": 10\r\n    }\r\n  ],\r\n  \"bgColor\": null,\r\n  \"bgImage\": null,\r\n  \"cont\": [\r\n    {\r\n      \"type\": \"text\",\r\n      \"cont\": \"<h1 class=\\\"_Defaultlight\\\"><span>Bureau Sarah Baumann<br \/><\/span><span>Brand Communication Design<\/span><\/h1><h1 class=\\\"_Defaultlight\\\"><span>T\u00fcbinger Stra\u00dfe 77<br \/><\/span><span>70178 Stuttgart<\/span><\/h1><p class=\\\"_Defaultlight\\\">\u00a0<\/p><h1 class=\\\"_Defaultlight\\\"><span>Dipl. Des. Sarah Baumann<br \/><\/span><span><a rel=\\\"noopener\\\" href=\\\"mailto:mail@bureausarahbaumann.de\\\" target=\\\"_blank\\\">mail@bureausarahbaumann.de<\/a><\/span><\/h1>\",\r\n      \"align\": \"top\",\r\n      \"row\": 0,\r\n      \"col\": 1,\r\n      \"colspan\": 16,\r\n      \"offsetx\": 0,\r\n      \"offsety\": 0,\r\n      \"spaceabove\": \"80\",\r\n      \"spacebelow\": 0,\r\n      \"yvel\": 1,\r\n      \"push\": 1,\r\n      \"relid\": 20,\r\n      \"absolute_position\": false,\r\n      \"dosync\": false\r\n    },\r\n    {\r\n      \"type\": \"text\",\r\n      \"cont\": \"<h1 class=\\\"_Defaultlight\\\">Kontaktieren Sie mich gerne, wenn Sie Fragen zu meiner Arbeit haben.\u00a0Ich teile gerne mein Fachwissen und freue mich \u00fcber Auftr\u00e4ge, Einladungen und Ideen zur Zusammenarbeit.<\/h1>\",\r\n      \"align\": \"top\",\r\n      \"row\": 1,\r\n      \"col\": 1,\r\n      \"colspan\": 16,\r\n      \"offsetx\": 0,\r\n      \"offsety\": 0,\r\n      \"spaceabove\": 0,\r\n      \"spacebelow\": 0,\r\n      \"yvel\": 1,\r\n      \"push\": 1,\r\n      \"relid\": 4,\r\n      \"absolute_position\": false,\r\n      \"dosync\": false\r\n    },\r\n    {\r\n      \"type\": \"text\",\r\n      \"cont\": \"<p style=\\\"line-height: 1.2;\\\"><span style=\\\"font-size: 10px;\\\">Leistungen<\/span><\/p>\",\r\n      \"align\": \"top\",\r\n      \"row\": 2,\r\n      \"col\": 1,\r\n      \"colspan\": 16,\r\n      \"offsetx\": 0,\r\n      \"offsety\": 0,\r\n      \"spaceabove\": \"0\",\r\n      \"spacebelow\": 0,\r\n      \"yvel\": 1,\r\n      \"push\": 1,\r\n      \"relid\": 8,\r\n      \"absolute_position\": false,\r\n      \"frameOverflow\": \"\",\r\n      \"dosync\": false\r\n    },\r\n    {\r\n      \"type\": \"text\",\r\n      \"cont\": \"<p style=\\\"line-height: 1;\\\"><span style=\\\"text-decoration: underline; font-family: SpaceGrotesk-Regular; font-size: 16px;\\\">Services:<\/span><\/p><p style=\\\"line-height: 1;\\\"><span style=\\\"font-size: 16px; font-family: SpaceGrotesk-Regular;\\\">Grafikdesign\/Kommunikationsdesign (Graphic Design \/ Communication Design)<\/span><\/p><p><span style=\\\"font-size: 16px; font-family: SpaceGrotesk-Regular;\\\">Konzeption (Conceptual Work)<\/span><\/p><p>\u00a0<\/p><p style=\\\"line-height: 1;\\\"><span style=\\\"font-size: 16px; font-family: SpaceGrotesk-Regular;\\\">Visuelle Markenidentit\u00e4t (Visual <span>Identity Design<\/span>)<\/span><\/p><p style=\\\"line-height: 1;\\\"><span style=\\\"font-size: 16px; font-family: SpaceGrotesk-Regular;\\\">Ausstellungsdesign (Exhibition design)<\/span><\/p><p style=\\\"line-height: 1;\\\"><span style=\\\"font-size: 16px; font-family: SpaceGrotesk-Regular;\\\">Visuelle Veranstaltungsidentit\u00e4t und Kommunikation (Event Signage)<\/span><\/p><p style=\\\"line-height: 1;\\\"><span style=\\\"font-size: 16px; font-family: SpaceGrotesk-Regular;\\\">Publikationsgestaltung (Publication Design)<\/span><\/p><p style=\\\"line-height: 1;\\\"><span style=\\\"font-size: 16px; font-family: SpaceGrotesk-Regular;\\\">Gesch\u00e4ftsausstattung (Corporate Stationery)<\/span><\/p><p style=\\\"line-height: 1;\\\"><span style=\\\"font-size: 16px; font-family: SpaceGrotesk-Regular;\\\">Webseiten Design (Website Design)<\/span><\/p><p style=\\\"line-height: 1;\\\">\u00a0<\/p>\",\r\n      \"align\": \"top\",\r\n      \"row\": 3,\r\n      \"col\": 1,\r\n      \"colspan\": 16,\r\n      \"offsetx\": 0,\r\n      \"offsety\": 0,\r\n      \"spaceabove\": 0,\r\n      \"spacebelow\": \"0\",\r\n      \"yvel\": 1,\r\n      \"push\": 1,\r\n      \"relid\": 2,\r\n      \"absolute_position\": false\r\n    },\r\n    {\r\n      \"type\": \"text\",\r\n      \"cont\": \"<p class=\\\"_Txt_klein\\\"><span>Ausgew\u00e4hlte Kunden<\/span><\/p>\",\r\n      \"align\": \"top\",\r\n      \"row\": 4,\r\n      \"col\": 1,\r\n      \"colspan\": 16,\r\n      \"offsetx\": 0,\r\n      \"offsety\": 0,\r\n      \"spaceabove\": \"0\",\r\n      \"spacebelow\": 0,\r\n      \"yvel\": 1,\r\n      \"push\": 1,\r\n      \"relid\": 9,\r\n      \"absolute_position\": false,\r\n      \"dosync\": false,\r\n      \"frameOverflow\": \"\"\r\n    },\r\n    {\r\n      \"type\": \"text\",\r\n      \"cont\": \"<h2 class=\\\"_Impressum\\\" style=\\\"line-height: 1.2;\\\">Staatliche Akademie der Bildenden K\u00fcnste Stuttgart<\/h2><p class=\\\"_Impressum\\\">Akademie f\u00fcr Darstellende Kunst Baden W\u00fcrttemberg<\/p><p class=\\\"_Impressum\\\">Staatsgalerie Stuttgart<\/p><p class=\\\"_Impressum\\\">Discoteca Flaming Star<\/p><h2 class=\\\"_Impressum\\\">Liganova GmbH<\/h2><p class=\\\"_Impressum\\\">Staatsgalerie Stuttgart<\/p><h2 class=\\\"_Impressum\\\" style=\\\"line-height: 1.2;\\\">Porsche AG f\u00fcr Liganova GmbH<\/h2><p class=\\\"_Impressum\\\">Daimler AG f\u00fcr Liganova GmbH<\/p><p class=\\\"_Impressum\\\">STIHL f\u00fcr Studio Breuninger<\/p>\",\r\n      \"align\": \"top\",\r\n      \"row\": 5,\r\n      \"col\": 1,\r\n      \"colspan\": 16,\r\n      \"offsetx\": 0,\r\n      \"offsety\": 0,\r\n      \"spaceabove\": 0,\r\n      \"spacebelow\": \"0\",\r\n      \"yvel\": 1,\r\n      \"push\": 1,\r\n      \"relid\": 13,\r\n      \"absolute_position\": false,\r\n      \"dosync\": false\r\n    },\r\n    {\r\n      \"type\": \"text\",\r\n      \"cont\": \"<p class=\\\"_Txt_klein\\\"><span>Kooperationen<\/span><\/p>\",\r\n      \"align\": \"top\",\r\n      \"row\": 6,\r\n      \"col\": 1,\r\n      \"colspan\": 16,\r\n      \"offsetx\": 0,\r\n      \"offsety\": 0,\r\n      \"spaceabove\": \"0\",\r\n      \"spacebelow\": 0,\r\n      \"yvel\": 1,\r\n      \"push\": 1,\r\n      \"relid\": 14,\r\n      \"absolute_position\": false,\r\n      \"frameOverflow\": \"\",\r\n      \"dosync\": false\r\n    },\r\n    {\r\n      \"type\": \"text\",\r\n      \"cont\": \"<h2 class=\\\"_Impressum\\\">POOLHAUS Stuttgart<\/h2><h2 class=\\\"_Impressum\\\">Netzwerk im Raum<\/h2><p class=\\\"_Impressum\\\">Studio Terhedebr\u00fcgge<\/p><p class=\\\"_Impressum\\\">Studio Mado Kl\u00fcmper<\/p><p class=\\\"_Impressum\\\">Studio Sara Cristina Moser<\/p><p class=\\\"_Impressum\\\">Studio Breuninger<\/p><p class=\\\"_Impressum\\\">Sueziefuture<\/p>\",\r\n      \"align\": \"top\",\r\n      \"row\": 7,\r\n      \"col\": 1,\r\n      \"colspan\": 16,\r\n      \"offsetx\": 0,\r\n      \"offsety\": 0,\r\n      \"spaceabove\": 0,\r\n      \"spacebelow\": \"0\",\r\n      \"yvel\": 1,\r\n      \"push\": 1,\r\n      \"relid\": 17,\r\n      \"absolute_position\": false,\r\n      \"dosync\": false\r\n    },\r\n    {\r\n      \"type\": \"img\",\r\n      \"cont\": \"\/wp-content\/uploads\/2025\/04\/BSB_WebsiteKontakt_Var2.jpg\",\r\n      \"align\": \"top\",\r\n      \"row\": 8,\r\n      \"col\": 1,\r\n      \"colspan\": 16,\r\n      \"offsetx\": 0,\r\n      \"offsety\": 0,\r\n      \"spaceabove\": 0,\r\n      \"spacebelow\": \"6\",\r\n      \"yvel\": 1,\r\n      \"push\": 1,\r\n      \"relid\": 18,\r\n      \"attid\": 502,\r\n      \"sizes\": {\r\n        \"full\": \"\/wp-content\/uploads\/2025\/04\/BSB_WebsiteKontakt_Var2.jpg\",\r\n        \"_3200\": \"\/wp-content\/uploads\/2025\/04\/BSB_WebsiteKontakt_Var2-3200x4449.jpg\",\r\n        \"_2560\": \"\/wp-content\/uploads\/2025\/04\/BSB_WebsiteKontakt_Var2-2560x3559.jpg\",\r\n        \"_1920\": \"\/wp-content\/uploads\/2025\/04\/BSB_WebsiteKontakt_Var2-1920x2669.jpg\",\r\n        \"_1280\": \"\/wp-content\/uploads\/2025\/04\/BSB_WebsiteKontakt_Var2-1280x1780.jpg\",\r\n        \"_1024\": \"\/wp-content\/uploads\/2025\/04\/BSB_WebsiteKontakt_Var2-1024x1424.jpg\",\r\n        \"_768\": \"\/wp-content\/uploads\/2025\/04\/BSB_WebsiteKontakt_Var2-768x1068.jpg\",\r\n        \"_512\": \"\/wp-content\/uploads\/2025\/04\/BSB_WebsiteKontakt_Var2-512x712.jpg\",\r\n        \"_265\": \"\/wp-content\/uploads\/2025\/04\/BSB_WebsiteKontakt_Var2-265x368.jpg\"\r\n      },\r\n      \"w\": 3597,\r\n      \"h\": 5001,\r\n      \"ar\": 1.390325271059216,\r\n      \"alt\": \"\",\r\n      \"absolute_position\": false,\r\n      \"frameOverflow\": \"\",\r\n      \"dosync\": false\r\n    }\r\n  ]\r\n}","_links":{"self":[{"href":"https:\/\/www.bureausarahbaumann.de\/en\/wp-json\/wp\/v2\/pages\/380","targetHints":{"allow":["GET"]}}],"collection":[{"href":"https:\/\/www.bureausarahbaumann.de\/en\/wp-json\/wp\/v2\/pages"}],"about":[{"href":"https:\/\/www.bureausarahbaumann.de\/en\/wp-json\/wp\/v2\/types\/page"}],"author":[{"embeddable":true,"href":"https:\/\/www.bureausarahbaumann.de\/en\/wp-json\/wp\/v2\/users\/1"}],"replies":[{"embeddable":true,"href":"https:\/\/www.bureausarahbaumann.de\/en\/wp-json\/wp\/v2\/comments?post=380"}],"version-history":[{"count":0,"href":"https:\/\/www.bureausarahbaumann.de\/en\/wp-json\/wp\/v2\/pages\/380\/revisions"}],"wp:attachment":[{"href":"https:\/\/www.bureausarahbaumann.de\/en\/wp-json\/wp\/v2\/media?parent=380"}],"curies":[{"name":"wp","href":"https:\/\/api.w.org\/{rel}","templated":true}]}}