{"id":283,"date":"2024-03-04T09:07:30","date_gmt":"2024-03-04T09:07:30","guid":{"rendered":"https:\/\/www.bureausarahbaumann.de\/?page_id=283"},"modified":"2026-01-21T10:35:09","modified_gmt":"2026-01-21T10:35:09","slug":"home","status":"publish","type":"page","link":"https:\/\/www.bureausarahbaumann.de\/en\/home\/","title":{"rendered":"Home left"},"content":{"rendered":"","protected":false},"excerpt":{"rendered":"","protected":false},"author":1,"featured_media":0,"parent":0,"menu_order":1,"comment_status":"closed","ping_status":"closed","template":"","meta":[],"class_list":["post-283","page","type-page","status-publish","hentry"],"grid":"{\r\n  \"colCount\": 20,\r\n  \"colGutter\": 4,\r\n  \"rowGutters\": [\r\n    8,\r\n    8\r\n  ],\r\n  \"frameMargin\": 0,\r\n  \"leftFrameMargin\": 2,\r\n  \"rightFrameMargin\": 2,\r\n  \"topFrameMargin\": 2,\r\n  \"horizontalGrid\": {\r\n    \"show\": false,\r\n    \"space\": 1,\r\n    \"mu\": \"%\"\r\n  },\r\n  \"mus\": {\r\n    \"colGutterMu\": \"%\",\r\n    \"rowGutterMu\": \"%\",\r\n    \"topFrameMu\": \"%\",\r\n    \"bottomFrameMu\": \"%\",\r\n    \"frameMu\": \"%\"\r\n  },\r\n  \"bottomFrameMargin\": 2,\r\n  \"rowAttrs\": [\r\n    {\r\n      \"relid\": 3\r\n    },\r\n    {\r\n      \"relid\": 1\r\n    },\r\n    {\r\n      \"relid\": 5\r\n    }\r\n  ],\r\n  \"bgColor\": null,\r\n  \"bgImage\": null,\r\n  \"cont\": [\r\n    {\r\n      \"type\": \"text\",\r\n      \"cont\": \"<h1 class=\\\"_Defaultlight\\\" style=\\\"line-height: 1.1;\\\"><span style=\\\"font-family: SpaceGrotesk-Regular; font-size: 23px;\\\">Ich bin Sarah Baumann. Schwerpunkt meiner Arbeit ist die Entwicklung und visuelle Gestaltung von Markenidentit\u00e4ten, Publikationen und Grafik im Raum. Ich arbeite als Kommunikationsdesignerin f\u00fcr Designagenturen, aber auch f\u00fcr eigene Kund:innen, sowie in verschiedenen Kooperationen mit Freund:innen, Gestalter:innen und K\u00fcnstler:innen an eigenen Projekten.<\/span><\/h1><p class=\\\"_Defaultlight\\\" style=\\\"line-height: 1.1;\\\">\u00a0<\/p><h1 class=\\\"_Defaultlight\\\" style=\\\"line-height: 1.1;\\\"><span style=\\\"font-family: SpaceGrotesk-Regular; font-size: 23px;\\\">Ich bin Mitgr\u00fcnderin des Co-Creation Studio POOLHAUS<em>.\u00a0<\/em>Das Konzept des POOLHAUS erm\u00f6glicht es mir, projektbezogen auf eine Pool von Expert:innen aus den Bereichen Retail Design, Produkt Design, UX\/UI Design und Copywriting zuzugreifen und somit auch Projekte, die \u00fcber meine pers\u00f6nliche Expertise hinausreichen, zu betreuen.<\/span><\/h1><p class=\\\"_Defaultlight\\\" style=\\\"line-height: 1.1;\\\">\u00a0<\/p><h1 class=\\\"_Defaultlight\\\" style=\\\"line-height: 1.1;\\\"><span style=\\\"font-family: SpaceGrotesk-Regular; font-size: 23px;\\\">Das Bureau Sarah Baumann ist au\u00dferdem Teil des multidisziplin\u00e4ren Kreativ-Netzwerks Netzwerk im Raum.<\/span><\/h1><p class=\\\"_Defaultlight\\\" style=\\\"line-height: 1.1;\\\">\u00a0<\/p><h1 class=\\\"_Defaultlight\\\" style=\\\"line-height: 1.1;\\\"><span style=\\\"font-family: SpaceGrotesk-Regular; font-size: 23px;\\\">(Portfolio-) Anfragen, Jobangebote und Komplimente gerne via E-Mail an\u00a0<a href=\\\"mailto:mail@bureausarahbaumann.de\\\" data-id=\\\"0\\\">mail@bureausarahbaumann.de<\/a><\/span><\/h1>\",\r\n      \"align\": \"top\",\r\n      \"row\": 0,\r\n      \"col\": 0,\r\n      \"colspan\": 10,\r\n      \"offsetx\": 0,\r\n      \"offsety\": 0,\r\n      \"spaceabove\": 0,\r\n      \"spacebelow\": 0,\r\n      \"yvel\": 1,\r\n      \"push\": 0,\r\n      \"relid\": 4,\r\n      \"absolute_position\": false\r\n    },\r\n    {\r\n      \"type\": \"text\",\r\n      \"cont\": \"<div data-collapsed=\\\"false\\\"><div><div data-type=\\\"text\\\" data-yvel=\\\"1\\\"><div style=\\\"line-height: 1;\\\"><span style=\\\"font-family: SpaceGrotesk-Regular; font-size: 16px;\\\">Bureau Sarah Baumann<br \/><\/span><span style=\\\"font-family: SpaceGrotesk-Regular; font-size: 16px;\\\">Graphic Design and Brand Communication<br \/><\/span><span style=\\\"font-family: SpaceGrotesk-Regular; font-size: 16px;\\\">T\u00fcbinger Stra\u00dfe 77<br \/>70178 Stuttgart<\/span><\/div><\/div><\/div><div><h1 class=\\\"_Defaultlight\\\" style=\\\"line-height: 1.4;\\\"><span style=\\\"font-size: 16px;\\\"><a href=\\\"https:\/\/mail@bureausarahbaumann.de\\\"><span style=\\\"font-family: SpaceGrotesk-Regular;\\\">mail@bureausarahbaumann.de<\/span><\/a><\/span><\/h1><\/div><\/div><div style=\\\"line-height: 1.4;\\\" data-collapsed=\\\"false\\\"><p class=\\\"_Txt_klein\\\" style=\\\"line-height: 1;\\\"><span style=\\\"font-size: 16px;\\\"><a href=\\\"https:\/\/www.instagram.com\/bureausarahbaumann\/\\\">@bureaussarahbaumann<\/a><\/span><\/p><\/div><p style=\\\"line-height: 1.4;\\\">\u00a0<\/p><p class=\\\"_Txt_klein\\\" style=\\\"line-height: 1.4;\\\"><span style=\\\"font-size: 16px;\\\"><a href=\\\"https:\/\/www.bureausarahbaumann.de\/agb\/\\\" data-id=\\\"581\\\" data-title=\\\"AGB\\\" data-type=\\\"page\\\"><span style=\\\"font-family: SpaceGrotesk-Regular;\\\">AGB<\/span><\/a><\/span><\/p><div data-collapsed=\\\"false\\\"><p class=\\\"_Txt_klein\\\" style=\\\"line-height: 1.4;\\\"><span style=\\\"font-size: 16px;\\\"><a href=\\\"https:\/\/www.bureausarahbaumann.de\/contact\/\\\" data-id=\\\"380\\\" data-title=\\\"Selected Clients\\\" data-type=\\\"page\\\">Seleted Clients<\/a><\/span><\/p><p class=\\\"_Txt_klein\\\" style=\\\"line-height: 1.4;\\\"><a href=\\\"https:\/\/www.bureausarahbaumann.de\/impressum\/\\\" data-id=\\\"497\\\" data-title=\\\"Impressum\\\" data-type=\\\"page\\\"><span style=\\\"font-size: 16px;\\\"><span style=\\\"font-family: SpaceGrotesk-Regular;\\\">Imprint\u00a0<\/span><\/span><\/a><\/p><p style=\\\"line-height: 1.4;\\\">\u00a0<\/p><\/div>\",\r\n      \"align\": \"top\",\r\n      \"row\": 0,\r\n      \"col\": 10,\r\n      \"colspan\": 10,\r\n      \"offsetx\": 0,\r\n      \"offsety\": 0,\r\n      \"spaceabove\": 0,\r\n      \"spacebelow\": 0,\r\n      \"yvel\": 1,\r\n      \"push\": 0,\r\n      \"relid\": 2,\r\n      \"absolute_position\": false,\r\n      \"frameOverflow\": \"\"\r\n    },\r\n    {\r\n      \"type\": \"text\",\r\n      \"cont\": \"<p style=\\\"line-height: 1.1;\\\"><span style=\\\"font-family: SpaceGrotesk-Regular; font-size: 20px;\\\">I am Sarah Baumann. My work focuses on the development and design of brand identities, publications, and spatial graphics. I work as a freelance communication designer for design agencies, but also for my own clients, as well as on my own projects in collaboration with friends, designers, and artists.<\/span><\/p><p style=\\\"line-height: 1.1;\\\">\u00a0<\/p><p style=\\\"line-height: 1.1;\\\"><span style=\\\"font-family: SpaceGrotesk-Regular; font-size: 20px;\\\">I am co-founder of the co-creation studio POOLHAUS. The POOLHAUS concept allows me to access a pool of experts in the fields of retail design, product design, UX\/UI design and copywriting on a project-by-project basis, enabling me to take on projects that go beyond my personal expertise.<\/span><\/p><p style=\\\"line-height: 1.1;\\\">\u00a0<\/p><p style=\\\"line-height: 1.1;\\\"><span style=\\\"font-family: SpaceGrotesk-Regular; font-size: 20px;\\\">Bureau Sarah Baumann is also part of the multidisciplinary creative network NETZWERK IM RAUM.<\/span><\/p><p style=\\\"line-height: 1.1;\\\">\u00a0<\/p><p style=\\\"line-height: 1.1;\\\"><span style=\\\"font-family: SpaceGrotesk-Regular; font-size: 20px;\\\">Thank you for (portfolio) inquiries, job offers, and compliments via email at <a href=\\\"mailto:mail@bureausarahbaumann.de\\\" data-id=\\\"0\\\">mail@bureausarahbaumann.de<\/a><\/span><\/p>\",\r\n      \"align\": \"top\",\r\n      \"row\": 1,\r\n      \"col\": 0,\r\n      \"colspan\": 10,\r\n      \"offsetx\": 0,\r\n      \"offsety\": 0,\r\n      \"spaceabove\": 0,\r\n      \"spacebelow\": 0,\r\n      \"yvel\": 1,\r\n      \"push\": 0,\r\n      \"relid\": 7,\r\n      \"absolute_position\": false\r\n    },\r\n    {\r\n      \"type\": \"text\",\r\n      \"cont\": \"\",\r\n      \"align\": \"top\",\r\n      \"row\": 1,\r\n      \"col\": 10,\r\n      \"colspan\": 10,\r\n      \"offsetx\": 0,\r\n      \"offsety\": 0,\r\n      \"spaceabove\": 0,\r\n      \"spacebelow\": 0,\r\n      \"yvel\": 1,\r\n      \"push\": 0,\r\n      \"relid\": 6,\r\n      \"absolute_position\": false,\r\n      \"frameOverflow\": \"\"\r\n    },\r\n    {\r\n      \"type\": \"text\",\r\n      \"cont\": \"\",\r\n      \"align\": \"top\",\r\n      \"row\": 2,\r\n      \"col\": 15,\r\n      \"colspan\": 5,\r\n      \"offsetx\": 0,\r\n      \"offsety\": 0,\r\n      \"spaceabove\": 0,\r\n      \"spacebelow\": 0,\r\n      \"yvel\": 1,\r\n      \"push\": 15,\r\n      \"relid\": 8,\r\n      \"absolute_position\": false,\r\n      \"frameOverflow\": \"\"\r\n    }\r\n  ]\r\n}","phonegrid":"{\r\n  \"colCount\": 18,\r\n  \"colGutter\": \"0\",\r\n  \"rowGutters\": [],\r\n  \"frameMargin\": 0,\r\n  \"topFrameMargin\": \"2\",\r\n  \"rightFrameMargin\": \"2\",\r\n  \"bottomFrameMargin\": \"12\",\r\n  \"leftFrameMargin\": \"2\",\r\n  \"mus\": {\r\n    \"colGutterMu\": \"%\",\r\n    \"rowGutterMu\": \"%\",\r\n    \"topFrameMu\": \"%\",\r\n    \"bottomFrameMu\": \"%\",\r\n    \"frameMu\": \"%\"\r\n  },\r\n  \"rowAttrs\": [\r\n    {\r\n      \"relid\": 13\r\n    }\r\n  ],\r\n  \"bgColor\": null,\r\n  \"bgImage\": null,\r\n  \"cont\": [\r\n    {\r\n      \"type\": \"text\",\r\n      \"cont\": \"<p class=\\\"_Txt_klein\\\" style=\\\"text-align: center; line-height: 1.8;\\\"><a href=\\\"https:\/\/www.bureausarahbaumann.de\/contact\/\\\" data-id=\\\"380\\\" data-title=\\\"Kontakt\\\" data-type=\\\"page\\\">Selected Clients<\/a><\/p><p class=\\\"_Txt_klein\\\" style=\\\"text-align: center; line-height: 1.8;\\\"><span style=\\\"font-family: SpaceGrotesk-Regular;\\\"><a href=\\\"https:\/\/www.bureausarahbaumann.de\/impressum\/\\\" data-id=\\\"497\\\" data-title=\\\"Impressum\\\" data-type=\\\"page\\\">Imprint<\/a>\u00a0<\/span><\/p>\",\r\n      \"align\": \"middle\",\r\n      \"row\": 0,\r\n      \"col\": 0,\r\n      \"colspan\": 18,\r\n      \"offsetx\": 0,\r\n      \"offsety\": 0,\r\n      \"spaceabove\": 0,\r\n      \"spacebelow\": 0,\r\n      \"yvel\": 1,\r\n      \"push\": 0,\r\n      \"relid\": 16,\r\n      \"absolute_position\": false,\r\n      \"dosync\": false\r\n    }\r\n  ]\r\n}","_links":{"self":[{"href":"https:\/\/www.bureausarahbaumann.de\/en\/wp-json\/wp\/v2\/pages\/283","targetHints":{"allow":["GET"]}}],"collection":[{"href":"https:\/\/www.bureausarahbaumann.de\/en\/wp-json\/wp\/v2\/pages"}],"about":[{"href":"https:\/\/www.bureausarahbaumann.de\/en\/wp-json\/wp\/v2\/types\/page"}],"author":[{"embeddable":true,"href":"https:\/\/www.bureausarahbaumann.de\/en\/wp-json\/wp\/v2\/users\/1"}],"replies":[{"embeddable":true,"href":"https:\/\/www.bureausarahbaumann.de\/en\/wp-json\/wp\/v2\/comments?post=283"}],"version-history":[{"count":0,"href":"https:\/\/www.bureausarahbaumann.de\/en\/wp-json\/wp\/v2\/pages\/283\/revisions"}],"wp:attachment":[{"href":"https:\/\/www.bureausarahbaumann.de\/en\/wp-json\/wp\/v2\/media?parent=283"}],"curies":[{"name":"wp","href":"https:\/\/api.w.org\/{rel}","templated":true}]}}